{"id":2216,"date":"2020-02-20T22:58:09","date_gmt":"2020-02-20T21:58:09","guid":{"rendered":"https:\/\/kardia-medical.com\/?page_id=2216"},"modified":"2020-02-21T22:23:57","modified_gmt":"2020-02-21T21:23:57","slug":"startseite","status":"publish","type":"page","link":"https:\/\/kardia-medical.com\/de\/","title":{"rendered":"Startseite"},"content":{"rendered":"<div class=\"wpb-content-wrapper\"><p>[vc_row disable_element=&#8221;yes&#8221; type=&#8221;vc_default&#8221; css=&#8221;.vc_custom_1582244697051{padding-top: 40px !important;padding-bottom: 40px !important;}&#8221;][vc_column width=&#8221;7\/12&#8243;]<div id=\"ultimate-heading-946069ded12dac7ed\" class=\"uvc-heading ult-adjust-bottom-margin ultimate-heading-946069ded12dac7ed uvc-1543  uvc-heading-default-font-sizes\" data-hspacer=\"no_spacer\"  data-halign=\"left\" style=\"text-align:left\"><div class=\"uvc-heading-spacer no_spacer\" style=\"top\"><\/div><div class=\"uvc-main-heading ult-responsive\"  data-ultimate-target='.uvc-heading.ultimate-heading-946069ded12dac7ed h2'  data-responsive-json-new='{\"font-size\":\"\",\"line-height\":\"\"}' ><h2 style=\"font-weight:bold;color:#0a0a0a;margin-bottom:20px;\">Kardia Medizinische Nachrichten<\/h2><\/div><\/div>[vc_empty_space][\/vc_column][vc_column width=&#8221;5\/12&#8243; offset=&#8221;vc_hidden-xs&#8221;][vc_single_image image=&#8221;1989&#8243; img_size=&#8221;600X300&#8243; alignment=&#8221;center&#8221; css=&#8221;.vc_custom_1570826458136{margin-bottom: -100px !important;padding-top: 60px !important;}&#8221;][vc_empty_space][\/vc_column][\/vc_row][vc_row content_placement=&#8221;top&#8221; bg_type=&#8221;bg_color&#8221; bg_override=&#8221;ex-full&#8221; type=&#8221;vc_default&#8221; css=&#8221;.vc_custom_1574679179873{padding-top: 50px !important;padding-bottom: 40px !important;}&#8221; bg_color_value=&#8221;#f4f4f4&#8243;][vc_column width=&#8221;5\/12&#8243; offset=&#8221;vc_hidden-xs&#8221;][vc_video link=&#8221;https:\/\/youtu.be\/6iVZ2unHfNM&#8221;][vc_empty_space][\/vc_column][vc_column width=&#8221;7\/12&#8243;]<div id=\"ultimate-heading-741769ded12dad4e7\" class=\"uvc-heading ult-adjust-bottom-margin ultimate-heading-741769ded12dad4e7 uvc-2753  uvc-heading-default-font-sizes\" data-hspacer=\"no_spacer\"  data-halign=\"left\" style=\"text-align:left\"><div class=\"uvc-heading-spacer no_spacer\" style=\"top\"><\/div><div class=\"uvc-main-heading ult-responsive\"  data-ultimate-target='.uvc-heading.ultimate-heading-741769ded12dad4e7 h2'  data-responsive-json-new='{\"font-size\":\"\",\"line-height\":\"\"}' ><h2 style=\"font-weight:bold;color:#0a0a0a;margin-bottom:20px;\">Kardia Medical, Ihre medizinische Ausr\u00fcstung in absoluter Sicherheit.<\/h2><\/div><\/div>[vc_column_text]KARDIA MEDICAL ist ein franz\u00f6sisches Unternehmen mit Sitz in Lothringen (57), das sich zum Ziel gesetzt hat, Sie mit den medizinischen Ger\u00e4ten auszustatten, die f\u00fcr Ihre t\u00e4gliche T\u00e4tigkeit als Facharzt oder Allgemeinmediziner erforderlich sind, unabh\u00e4ngig davon, ob Sie in einer Praxis oder in einem Krankenhaus arbeiten.<\/p>\n<p>Wir bieten auch eine Reihe von hochwertigen externen automatisierten Defibrillatoren (AEDs) f\u00fcr \u00f6ffentliche Einrichtungen (ERP) und als autorisierter ZOLL-Distributor an.<\/p>\n<p>Unsere Mission ist es, Ihnen einen qualitativ hochwertigen Service mit zuverl\u00e4ssiger Ausr\u00fcstung zu bieten, damit Sie Ihre Arbeit unter den bestm\u00f6glichen Bedingungen erledigen k\u00f6nnen.[\/vc_column_text][vc_empty_space][\/vc_column][\/vc_row][vc_row full_width=&#8221;stretch_row&#8221; equal_height=&#8221;yes&#8221; content_placement=&#8221;middle&#8221; type=&#8221;vc_default&#8221; css=&#8221;.vc_custom_1570823409289{padding-top: 40px !important;padding-bottom: 40px !important;background-color: #1861a0 !important;}&#8221;][vc_column offset=&#8221;vc_col-lg-8 vc_col-md-8 vc_col-xs-12&#8243;][vc_row_inner][vc_column_inner offset=&#8221;vc_hidden-sm vc_hidden-xs&#8221;]<div id=\"ultimate-heading-475769ded12dad583\" class=\"uvc-heading ult-adjust-bottom-margin ultimate-heading-475769ded12dad583 uvc-8538 \" data-hspacer=\"no_spacer\"  data-halign=\"left\" style=\"text-align:left\"><div class=\"uvc-heading-spacer no_spacer\" style=\"top\"><\/div><div class=\"uvc-main-heading ult-responsive\"  data-ultimate-target='.uvc-heading.ultimate-heading-475769ded12dad583 h2'  data-responsive-json-new='{\"font-size\":\"desktop:30px;\",\"line-height\":\"desktop:40px;\"}' ><h2 style=\"--font-weight:theme;color:#ffffff;margin-bottom:10px;\">Ben\u00f6tigen Sie weitere Informationen ?<\/h2><\/div><div class=\"uvc-sub-heading ult-responsive\"  data-ultimate-target='.uvc-heading.ultimate-heading-475769ded12dad583 .uvc-sub-heading '  data-responsive-json-new='{\"font-size\":\"desktop:17px;\",\"line-height\":\"desktop:27px;\"}'  style=\"font-weight:normal;color:#ffffff;\">Kardia Medical bietet Ihnen alle L\u00f6sungen, die Sie f\u00fcr die Installation und den Betrieb Ihrer Ger\u00e4te ben\u00f6tigen.<\/div><\/div>[\/vc_column_inner][\/vc_row_inner][\/vc_column][vc_column offset=&#8221;vc_col-lg-4 vc_col-md-4 vc_hidden-sm vc_col-xs-12 vc_hidden-xs&#8221;]<div class=\" vc_custom_1582243066417 ubtn-ctn-right \"><a class=\"ubtn-link ult-adjust-bottom-margin ubtn-right ubtn-custom \" href=\"\/de\/kontakt\/\" title=\"kontakt\" ><button type=\"button\" id=\"ubtn-2839\"  class=\"ubtn ult-adjust-bottom-margin ult-responsive ubtn-custom ubtn-fade-bg  none  ubtn-right   tooltip-69ded12dad5f7\"  data-hover=\"#ce171c\" data-border-color=\"rgba(255,255,255,0.4)\" data-bg=\"rgba(255,255,255,0.01)\" data-hover-bg=\"#ffffff\" data-border-hover=\"#ffffff\" data-shadow-hover=\"\" data-shadow-click=\"none\" data-shadow=\"\" data-shd-shadow=\"\"  data-ultimate-target='#ubtn-2839'  data-responsive-json-new='{\"font-size\":\"desktop:20px;\",\"line-height\":\"desktop:20px;\"}'  style=\"font-family:&#039;Montserrat&#039;;font-weight:700;width:px;min-height:38px;padding:15px 25px;border-radius:0px;border-width:4px;border-color:rgba(255,255,255,0.4);border-style:solid;background: rgba(255,255,255,0.01);color: #ffffff;\"><span class=\"ubtn-hover\" style=\"background-color:#ffffff\"><\/span><span class=\"ubtn-data ubtn-text \" >Wenden Sie sich an einen Berater<\/span><\/button><\/a><\/div>[\/vc_column][\/vc_row]<\/p>\n<\/div>","protected":false},"excerpt":{"rendered":"<p>[vc_row disable_element=&#8221;yes&#8221; type=&#8221;vc_default&#8221; css=&#8221;.vc_custom_1582244697051{padding-top: 40px !important;padding-bottom: 40px !important;}&#8221;][vc_column width=&#8221;7\/12&#8243;][vc_empty_space][\/vc_column][vc_column width=&#8221;5\/12&#8243; offset=&#8221;vc_hidden-xs&#8221;][vc_single_image image=&#8221;1989&#8243; img_size=&#8221;600X300&#8243; alignment=&#8221;center&#8221; css=&#8221;.vc_custom_1570826458136{margin-bottom: -100px !important;padding-top: 60px !important;}&#8221;][vc_empty_space][\/vc_column][\/vc_row][vc_row content_placement=&#8221;top&#8221; bg_type=&#8221;bg_color&#8221; bg_override=&#8221;ex-full&#8221; type=&#8221;vc_default&#8221; css=&#8221;.vc_custom_1574679179873{padding-top: 50px !important;padding-bottom: 40px !important;}&#8221; bg_color_value=&#8221;#f4f4f4&#8243;][vc_column width=&#8221;5\/12&#8243; offset=&#8221;vc_hidden-xs&#8221;][vc_video link=&#8221;https:\/\/youtu.be\/6iVZ2unHfNM&#8221;][vc_empty_space][\/vc_column][vc_column width=&#8221;7\/12&#8243;][vc_column_text]KARDIA MEDICAL ist ein franz\u00f6sisches Unternehmen mit Sitz in Lothringen (57), das sich zum Ziel gesetzt hat, Sie mit den medizinischen Ger\u00e4ten auszustatten,&hellip;<\/p>\n","protected":false},"author":2,"featured_media":0,"parent":0,"menu_order":0,"comment_status":"closed","ping_status":"closed","template":"","meta":{"_seopress_robots_primary_cat":"","_seopress_titles_title":"","_seopress_titles_desc":"KARDIA MEDICAL ist ein franz\u00f6sisches Unternehmen, das gegr\u00fcndet wurde, um die Nachfrage nach medizinischer Ausr\u00fcstung zu befriedigen, die f\u00fcr die t\u00e4gliche Arbeit von Fach\u00e4rzten und Allgemeinmedizinern notwendig ist.","_seopress_robots_index":"","footnotes":""},"class_list":["post-2216","page","type-page","status-publish","hentry","description-off"],"_links":{"self":[{"href":"https:\/\/kardia-medical.com\/de\/wp-json\/wp\/v2\/pages\/2216","targetHints":{"allow":["GET"]}}],"collection":[{"href":"https:\/\/kardia-medical.com\/de\/wp-json\/wp\/v2\/pages"}],"about":[{"href":"https:\/\/kardia-medical.com\/de\/wp-json\/wp\/v2\/types\/page"}],"author":[{"embeddable":true,"href":"https:\/\/kardia-medical.com\/de\/wp-json\/wp\/v2\/users\/2"}],"replies":[{"embeddable":true,"href":"https:\/\/kardia-medical.com\/de\/wp-json\/wp\/v2\/comments?post=2216"}],"version-history":[{"count":4,"href":"https:\/\/kardia-medical.com\/de\/wp-json\/wp\/v2\/pages\/2216\/revisions"}],"predecessor-version":[{"id":2366,"href":"https:\/\/kardia-medical.com\/de\/wp-json\/wp\/v2\/pages\/2216\/revisions\/2366"}],"wp:attachment":[{"href":"https:\/\/kardia-medical.com\/de\/wp-json\/wp\/v2\/media?parent=2216"}],"curies":[{"name":"wp","href":"https:\/\/api.w.org\/{rel}","templated":true}]}}