{"id":3174,"date":"2020-10-06T21:58:00","date_gmt":"2020-10-06T19:58:00","guid":{"rendered":"https:\/\/kardia-medical.com\/?post_type=product&#038;p=3174"},"modified":"2024-11-02T18:50:50","modified_gmt":"2024-11-02T17:50:50","slug":"mediflow-debitmetre-oxygene-0-a-15-l-min","status":"publish","type":"product","link":"https:\/\/kardia-medical.com\/de\/produit\/mediflow-debitmetre-oxygene-0-a-15-l-min\/","title":{"rendered":"MEDIFLOW+ D\u00e9bitm\u00e8tre oxyg\u00e8ne 0 \u00e0 15 l\/min"},"content":{"rendered":"<p>Echelle des d\u00e9bits orient\u00e9e \u00e0 45\u00b0 pour une lecture \u00e0 la fois frontale et lat\u00e9rale;<\/p>\n<p>Sortie rotative \u00e0 360\u00b0 afi n d\u2019optimiser l\u2019orientation de la tubulure d\u2019oxyg\u00e9noth\u00e9rapie vers le patient;<span style=\"font-size: 0.9rem;\">d\u00e9bit .<\/span><\/p>\n<p>Le d\u00e9bit est r\u00e9gl\u00e9 au moyen d\u2019un volant \u00e0 ailettes facile de manipulation.<\/p>\n<p>La nouvelle technologie de contr\u00f4le des d\u00e9bits pr\u00e9voit une s\u00e9curit\u00e9 essentielle pour le patient : l\u2019assurance\u00a0de recevoir le d\u00e9bit de gaz en toutes positions et ce, m\u00eame en cas de positionnement erron\u00e9 du s\u00e9lecteur\u00a0entre deux valeurs de d\u00e9bit.<\/p>\n","protected":false},"excerpt":{"rendered":"<p>D\u00c9BITM\u00c8TRE PR\u00c9CALIBR\u00c9 <span style=\"font-size: 0.9rem;\">0 \u00e0 15 l\/min<\/span><\/p>\n<p>MediFlow\u00ae est un s\u00e9lecteur de d\u00e9bit destin\u00e9 au contr\u00f4le et \u00e0 la mesure du d\u00e9bit d\u2019air m\u00e9dical ou d\u2019oxyg\u00e8ne\u00a0administr\u00e9 au patient.<\/p>\n<p>M\u00e9canisme innovant d\u2019auto-s\u00e9lection du d\u00e9bit associ\u00e9 \u00e0 une technologie exclusive de d\u00e9bit continu entre\u00a0deux valeurs.<\/p>\n<p>D\u00e9bitm\u00e8tre con\u00e7u pour continuer \u00e0 fonctionner m\u00eame en cas de destruction accidentelle du volant de\u00a0r\u00e9glage;<\/p>\n<p>Echelle des d\u00e9bits orient\u00e9e \u00e0 45\u00b0 pour une lecture \u00e0 la fois frontale et lat\u00e9rale;<\/p>\n<p>Sortie rotative \u00e0 360\u00b0 afi n d\u2019optimiser l\u2019orientation de la tubulure d\u2019oxyg\u00e9noth\u00e9rapie vers le patient;<span style=\"font-size: 0.9rem;\">d\u00e9bit .<\/span><\/p>\n<p>Le d\u00e9bit est r\u00e9gl\u00e9 au moyen d\u2019un volant \u00e0 ailettes facile de manipulation.<\/p>\n<p>&nbsp;<\/p>\n<p>&nbsp;<\/p>\n","protected":false},"featured_media":2798,"template":"","meta":{"_seopress_robots_primary_cat":"none","_seopress_titles_title":"","_seopress_titles_desc":"","_seopress_robots_index":""},"product_brand":[],"product_cat":[42],"product_tag":[],"class_list":{"0":"post-3174","1":"product","2":"type-product","3":"status-publish","4":"has-post-thumbnail","6":"product_cat-fluides-medicaux","7":"description-off","9":"first","10":"instock","11":"taxable","12":"shipping-taxable","13":"product-type-simple"},"supplier_id":null,"supplier_sku":"","barcode":null,"atum_controlled":true,"out_stock_date":null,"out_stock_threshold":null,"inheritable":false,"inbound_stock":0,"stock_on_hold":0,"sold_today":0,"sales_last_days":0,"reserved_stock":0,"customer_returns":0,"warehouse_damage":0,"lost_in_post":0,"other_logs":0,"out_stock_days":0,"lost_sales":0,"has_location":false,"update_date":"2026-04-05T00:12:25","atum_locations":[],"atum_stock_status":"instock","restock_status":false,"low_stock_amount":"","sales_update_date":"2026-04-05T00:12:25","calc_backorders":null,"_links":{"self":[{"href":"https:\/\/kardia-medical.com\/de\/wp-json\/wp\/v2\/product\/3174","targetHints":{"allow":["GET"]}}],"collection":[{"href":"https:\/\/kardia-medical.com\/de\/wp-json\/wp\/v2\/product"}],"about":[{"href":"https:\/\/kardia-medical.com\/de\/wp-json\/wp\/v2\/types\/product"}],"wp:featuredmedia":[{"embeddable":true,"href":"https:\/\/kardia-medical.com\/de\/wp-json\/wp\/v2\/media\/2798"}],"wp:attachment":[{"href":"https:\/\/kardia-medical.com\/de\/wp-json\/wp\/v2\/media?parent=3174"}],"wp:term":[{"taxonomy":"product_brand","embeddable":true,"href":"https:\/\/kardia-medical.com\/de\/wp-json\/wp\/v2\/product_brand?post=3174"},{"taxonomy":"product_cat","embeddable":true,"href":"https:\/\/kardia-medical.com\/de\/wp-json\/wp\/v2\/product_cat?post=3174"},{"taxonomy":"product_tag","embeddable":true,"href":"https:\/\/kardia-medical.com\/de\/wp-json\/wp\/v2\/product_tag?post=3174"}],"curies":[{"name":"wp","href":"https:\/\/api.w.org\/{rel}","templated":true}]}}