{"id":3176,"date":"2020-10-06T22:12:26","date_gmt":"2020-10-06T20:12:26","guid":{"rendered":"https:\/\/kardia-medical.com\/?post_type=product&#038;p=3176"},"modified":"2024-11-02T18:51:39","modified_gmt":"2024-11-02T17:51:39","slug":"debitmetre-o2-medimeter-0-15-l-mn","status":"publish","type":"product","link":"https:\/\/kardia-medical.com\/de\/produit\/debitmetre-o2-medimeter-0-15-l-mn\/","title":{"rendered":"D\u00e9bitmetre O2 MEDIMETER 0-15 l\/mn"},"content":{"rendered":"<ul>\n<li>Indicateur du d\u00e9bit de type flotteur \u00e0 surface plate pour une\u00a0<span style=\"font-size: 0.9rem;\">lecture plus facile et fiable<\/span><\/li>\n<li>Design ergonomique, surfaces de nettoyage ais\u00e9es<\/li>\n<li>Disponible selon 3 plages de d\u00e9bit, avec embout\u00a0<span style=\"font-size: 0.9rem;\">verrouillable ou syst\u00e8me de montage au rail<\/span><\/li>\n<li><span style=\"font-size: 0.9rem;\">En option, l\u2019accessoire Aquaselect permet d\u2019alterner\u00a0<\/span><span style=\"font-size: 0.9rem;\">rapidement la sortie du d\u00e9bit par la tubulure\u00a0<\/span><span style=\"font-size: 0.9rem;\">d\u2019oxyg\u00e9noth\u00e9rapie ou par l&#8217;humidificateur, sans d\u00e9montage\u00a0<\/span><span style=\"font-size: 0.9rem;\">de l\u2019un ou de l\u2019autre et sans arr\u00eat du d\u00e9bitm\u00e8tre<\/span><\/li>\n<li><span style=\"font-size: 0.9rem;\">\u00a0Nouveau robinet : souplesse &amp; robustesse<\/span><\/li>\n<li><span style=\"font-size: 0.9rem;\">Flotteur con\u00e7u pour r\u00e9sister aux chocs de pression<\/span><\/li>\n<li><span style=\"font-size: 0.9rem;\">Echelle des d\u00e9bits avec lecture facilit\u00e9e des valeurs<\/span><\/li>\n<\/ul>\n","protected":false},"excerpt":{"rendered":"<p>MediMeter est un d\u00e9bitm\u00e8tre \u00e0 colonne destin\u00e9 au contr\u00f4le et \u00e0 la mesure du d\u00e9bit d\u2019oxyg\u00e8ne administr\u00e9 au\u00a0patient.<\/p>\n<ul>\n<li>Simplicit\u00e9 d\u2019utilisation<\/li>\n<li><span style=\"font-size: 0.9rem;\">Bonne lisibilit\u00e9 gr\u00e2ce \u00e0 son flotteur \u00e0 surface plane<\/span><\/li>\n<li><span style=\"font-size: 0.9rem;\">Robustesse gr\u00e2ce \u00e0 son corps en laiton chrom\u00e9 et ses colonnes en polycarbonate<\/span><\/li>\n<li>Indicateur du d\u00e9bit de type flotteur \u00e0 surface plate pour une\u00a0<span style=\"font-size: 0.9rem;\">lecture plus facile et fiable<\/span><\/li>\n<li>Design ergonomique, surfaces de nettoyage ais\u00e9es<\/li>\n<li><span style=\"font-size: 0.9rem;\">Nouveau robinet : souplesse &amp; robustesse<\/span><\/li>\n<li><span style=\"font-size: 0.9rem;\">Flotteur con\u00e7u pour r\u00e9sister aux chocs de pression<\/span><\/li>\n<li><span style=\"font-size: 0.9rem;\">Echelle des d\u00e9bits avec lecture facilit\u00e9e des valeurs<\/span><\/li>\n<li>D\u00e9bit 15\/mn<\/li>\n<\/ul>\n","protected":false},"featured_media":3178,"template":"","meta":{"_seopress_robots_primary_cat":"none","_seopress_titles_title":"","_seopress_titles_desc":"","_seopress_robots_index":""},"product_brand":[],"product_cat":[42],"product_tag":[],"class_list":{"0":"post-3176","1":"product","2":"type-product","3":"status-publish","4":"has-post-thumbnail","6":"product_cat-fluides-medicaux","7":"description-off","9":"first","10":"instock","11":"taxable","12":"shipping-taxable","13":"product-type-simple"},"supplier_id":null,"supplier_sku":"","barcode":null,"atum_controlled":true,"out_stock_date":null,"out_stock_threshold":null,"inheritable":false,"inbound_stock":0,"stock_on_hold":0,"sold_today":0,"sales_last_days":0,"reserved_stock":0,"customer_returns":0,"warehouse_damage":0,"lost_in_post":0,"other_logs":0,"out_stock_days":0,"lost_sales":0,"has_location":false,"update_date":"2026-04-05T00:12:25","atum_locations":[],"atum_stock_status":"instock","restock_status":false,"low_stock_amount":"","sales_update_date":"2026-04-05T00:12:25","calc_backorders":null,"_links":{"self":[{"href":"https:\/\/kardia-medical.com\/de\/wp-json\/wp\/v2\/product\/3176","targetHints":{"allow":["GET"]}}],"collection":[{"href":"https:\/\/kardia-medical.com\/de\/wp-json\/wp\/v2\/product"}],"about":[{"href":"https:\/\/kardia-medical.com\/de\/wp-json\/wp\/v2\/types\/product"}],"wp:featuredmedia":[{"embeddable":true,"href":"https:\/\/kardia-medical.com\/de\/wp-json\/wp\/v2\/media\/3178"}],"wp:attachment":[{"href":"https:\/\/kardia-medical.com\/de\/wp-json\/wp\/v2\/media?parent=3176"}],"wp:term":[{"taxonomy":"product_brand","embeddable":true,"href":"https:\/\/kardia-medical.com\/de\/wp-json\/wp\/v2\/product_brand?post=3176"},{"taxonomy":"product_cat","embeddable":true,"href":"https:\/\/kardia-medical.com\/de\/wp-json\/wp\/v2\/product_cat?post=3176"},{"taxonomy":"product_tag","embeddable":true,"href":"https:\/\/kardia-medical.com\/de\/wp-json\/wp\/v2\/product_tag?post=3176"}],"curies":[{"name":"wp","href":"https:\/\/api.w.org\/{rel}","templated":true}]}}