{"id":3180,"date":"2020-10-06T22:29:19","date_gmt":"2020-10-06T20:29:19","guid":{"rendered":"https:\/\/kardia-medical.com\/?post_type=product&#038;p=3180"},"modified":"2024-11-02T18:49:10","modified_gmt":"2024-11-02T17:49:10","slug":"regulateur-de-vide-medievac-600-mbar","status":"publish","type":"product","link":"https:\/\/kardia-medical.com\/de\/produit\/regulateur-de-vide-medievac-600-mbar\/","title":{"rendered":"R\u00e9gulateur de vide MEDIEVAC + 600 mbar"},"content":{"rendered":"<div class=\"uvc-main-heading ult-responsive\" data-ultimate-target=\".uvc-heading.ultimate-heading-61765f7cd0747df75 h2\" data-responsive-json-new=\"{&quot;font-size&quot;:&quot;desktop:24px;&quot;,&quot;line-height&quot;:&quot;desktop:30px;&quot;}\">Medievac+ est un syst\u00e8me de r\u00e9gulation du vide, compact et l\u00e9ger, qui permet \u00e0 l\u2019utilisateur de contr\u00f4ler efficacement et en toute s\u00e9curit\u00e9.<\/div>\n","protected":false},"excerpt":{"rendered":"<div class=\"uvc-sub-heading ult-responsive\" data-ultimate-target=\".uvc-heading.ultimate-heading-61765f7cd0747df75 .uvc-sub-heading \" data-responsive-json-new=\"{&quot;font-size&quot;:&quot;&quot;,&quot;line-height&quot;:&quot;&quot;}\">Medievac+ est un syst\u00e8me de r\u00e9gulation du vide, compact et l\u00e9ger, qui permet \u00e0 l\u2019utilisateur de contr\u00f4ler efficacement et en toute s\u00e9curit\u00e9, la th\u00e9rapie par aspiration.<\/div>\n<div data-ultimate-target=\".uvc-heading.ultimate-heading-61765f7cd0747df75 .uvc-sub-heading \" data-responsive-json-new=\"{&quot;font-size&quot;:&quot;&quot;,&quot;line-height&quot;:&quot;&quot;}\">\n<ul>\n<li>Compact et l\u00e9ger<\/li>\n<li>Le niveau d\u2019aspiration du Medievac + est r\u00e9gl\u00e9 via le volant de r\u00e9glage \u00e0 l\u2019avant facilement accessible<\/li>\n<li>Ergonomie de l\u2019orientation en diagonale du bouton marche-arr\u00eat qui permet de conserver la valeur de d\u00e9pression s\u00e9lectionn\u00e9e<\/li>\n<li>Vacuom\u00e8tre rotatif pour une lecture facilit\u00e9e<\/li>\n<li>Robustesse du volant avec syst\u00e8me d\u00e9brayable en fin de course.<\/li>\n<li>Vacuom\u00e8tre rotatif avec code couleurs pour une lecture facilit\u00e9e<\/li>\n<li>r\u00e9glage de la d\u00e9pression &#8211; 600 mbar.<\/li>\n<\/ul>\n<\/div>\n","protected":false},"featured_media":2796,"template":"","meta":{"_seopress_robots_primary_cat":"none","_seopress_titles_title":"","_seopress_titles_desc":"","_seopress_robots_index":""},"product_brand":[],"product_cat":[42],"product_tag":[],"class_list":{"0":"post-3180","1":"product","2":"type-product","3":"status-publish","4":"has-post-thumbnail","6":"product_cat-fluides-medicaux","7":"description-off","9":"first","10":"instock","11":"taxable","12":"shipping-taxable","13":"product-type-simple"},"supplier_id":null,"supplier_sku":"","barcode":null,"atum_controlled":true,"out_stock_date":null,"out_stock_threshold":null,"inheritable":false,"inbound_stock":0,"stock_on_hold":0,"sold_today":0,"sales_last_days":0,"reserved_stock":0,"customer_returns":0,"warehouse_damage":0,"lost_in_post":0,"other_logs":0,"out_stock_days":0,"lost_sales":0,"has_location":false,"update_date":"2026-04-05T00:12:25","atum_locations":[],"atum_stock_status":"instock","restock_status":false,"low_stock_amount":"","sales_update_date":"2026-04-05T00:12:25","calc_backorders":null,"_links":{"self":[{"href":"https:\/\/kardia-medical.com\/de\/wp-json\/wp\/v2\/product\/3180","targetHints":{"allow":["GET"]}}],"collection":[{"href":"https:\/\/kardia-medical.com\/de\/wp-json\/wp\/v2\/product"}],"about":[{"href":"https:\/\/kardia-medical.com\/de\/wp-json\/wp\/v2\/types\/product"}],"wp:featuredmedia":[{"embeddable":true,"href":"https:\/\/kardia-medical.com\/de\/wp-json\/wp\/v2\/media\/2796"}],"wp:attachment":[{"href":"https:\/\/kardia-medical.com\/de\/wp-json\/wp\/v2\/media?parent=3180"}],"wp:term":[{"taxonomy":"product_brand","embeddable":true,"href":"https:\/\/kardia-medical.com\/de\/wp-json\/wp\/v2\/product_brand?post=3180"},{"taxonomy":"product_cat","embeddable":true,"href":"https:\/\/kardia-medical.com\/de\/wp-json\/wp\/v2\/product_cat?post=3180"},{"taxonomy":"product_tag","embeddable":true,"href":"https:\/\/kardia-medical.com\/de\/wp-json\/wp\/v2\/product_tag?post=3180"}],"curies":[{"name":"wp","href":"https:\/\/api.w.org\/{rel}","templated":true}]}}