{"id":4337,"date":"2021-04-16T15:21:57","date_gmt":"2021-04-16T13:21:57","guid":{"rendered":"https:\/\/kardia-medical.com\/?post_type=product&#038;p=4337"},"modified":"2025-02-20T15:35:16","modified_gmt":"2025-02-20T14:35:16","slug":"ease-ii-gce-valve-a-la-demande","status":"publish","type":"product","link":"https:\/\/kardia-medical.com\/de\/produit\/ease-ii-gce-valve-a-la-demande\/","title":{"rendered":"EASY II GCE Valve \u00e0 la demande"},"content":{"rendered":"","protected":false},"excerpt":{"rendered":"<p>La valve \u00e0 la demande EASE II constitue un dispositif m\u00e9dical compact pour l\u2019auto administration du m\u00e9lange gazeux O2\/N2O pour le soulagement de la douleur ou l\u2019oxyg\u00e9noth\u00e9rapie.<\/p>\n<p>&nbsp;<\/p>\n<p><strong>Caract\u00e9ristiques<\/strong><\/p>\n<ul>\n<li>Peut d\u00e9livrer de forts d\u00e9bits jusqu\u2018\u00e0 300l\/min<\/li>\n<li>Version adapt\u00e9e pour bouteille dans la cadre d\u2019utilisations en h\u00f4pital ou ambulance<\/li>\n<li>Version \u00e0 basse pression pour l\u2019obst\u00e9trique, les soins infirmiers g\u00e9n\u00e9raux (pansements en chirurgie digestive, soins d\u2019escarres), petite chirurgie anesth\u00e9sie locale, endoscopie, soins dentaires\u2026<\/li>\n<li>Conforme \u00e0 la norme BS 4272 : Part 2 : 1996<\/li>\n<li>D\u00e9clenchement \u00e0 moindre effort inspiratoire (enfant, personnes \u00e2g\u00e9es)<\/li>\n<li>Nettoyage facile du corps de la valve \u00e0 la demande<\/li>\n<li>\u00c9quip\u00e9e d\u2019un tuyau de raccord standard, EASE II peut \u00eatre connect\u00e9e \u00e0 une bouteille ou \u00e0 une prise murale<\/li>\n<li>Filtre patient rempla\u00e7able<\/li>\n<li>Autoclavable \u00e0 134 C\u00b0<\/li>\n<li>Maintenance \u00e0 5 ans et dur\u00e9e de vie 10 ans<\/li>\n<\/ul>\n<p>&nbsp;<\/p>\n<p><strong>Contenu<\/strong><\/p>\n<ul>\n<li>Valve \u00e0 la demande O2\/NO2 (EASE II)avec flexible 3m NF<\/li>\n<li>1 masque<\/li>\n<li>1 embout buccal<\/li>\n<li>1 filtre<\/li>\n<\/ul>\n","protected":false},"featured_media":4348,"template":"","meta":{"_seopress_robots_primary_cat":"none","_seopress_titles_title":"","_seopress_titles_desc":"","_seopress_robots_index":""},"product_brand":[],"product_cat":[42],"product_tag":[],"class_list":{"0":"post-4337","1":"product","2":"type-product","3":"status-publish","4":"has-post-thumbnail","6":"product_cat-fluides-medicaux","7":"description-off","9":"first","10":"instock","11":"taxable","12":"shipping-taxable","13":"purchasable","14":"product-type-simple"},"supplier_id":null,"supplier_sku":"","barcode":null,"atum_controlled":true,"out_stock_date":null,"out_stock_threshold":null,"inheritable":false,"inbound_stock":0,"stock_on_hold":1,"sold_today":0,"sales_last_days":0,"reserved_stock":0,"customer_returns":0,"warehouse_damage":0,"lost_in_post":0,"other_logs":0,"out_stock_days":0,"lost_sales":0,"has_location":false,"update_date":"2026-04-05T00:12:26","atum_locations":[],"atum_stock_status":"instock","restock_status":false,"low_stock_amount":"","sales_update_date":"2026-04-05T00:12:26","calc_backorders":null,"_links":{"self":[{"href":"https:\/\/kardia-medical.com\/de\/wp-json\/wp\/v2\/product\/4337","targetHints":{"allow":["GET"]}}],"collection":[{"href":"https:\/\/kardia-medical.com\/de\/wp-json\/wp\/v2\/product"}],"about":[{"href":"https:\/\/kardia-medical.com\/de\/wp-json\/wp\/v2\/types\/product"}],"wp:featuredmedia":[{"embeddable":true,"href":"https:\/\/kardia-medical.com\/de\/wp-json\/wp\/v2\/media\/4348"}],"wp:attachment":[{"href":"https:\/\/kardia-medical.com\/de\/wp-json\/wp\/v2\/media?parent=4337"}],"wp:term":[{"taxonomy":"product_brand","embeddable":true,"href":"https:\/\/kardia-medical.com\/de\/wp-json\/wp\/v2\/product_brand?post=4337"},{"taxonomy":"product_cat","embeddable":true,"href":"https:\/\/kardia-medical.com\/de\/wp-json\/wp\/v2\/product_cat?post=4337"},{"taxonomy":"product_tag","embeddable":true,"href":"https:\/\/kardia-medical.com\/de\/wp-json\/wp\/v2\/product_tag?post=4337"}],"curies":[{"name":"wp","href":"https:\/\/api.w.org\/{rel}","templated":true}]}}