{"id":7799,"date":"2024-11-02T18:23:28","date_gmt":"2024-11-02T17:23:28","guid":{"rendered":"https:\/\/kardia-medical.com\/?post_type=product&#038;p=7799"},"modified":"2024-11-02T18:37:29","modified_gmt":"2024-11-02T17:37:29","slug":"debitmetre-mediflowtec","status":"publish","type":"product","link":"https:\/\/kardia-medical.com\/de\/produit\/debitmetre-mediflowtec\/","title":{"rendered":"D\u00e9bitm\u00e8tre MediFlowTec"},"content":{"rendered":"<div class=\"uvc-main-heading ult-responsive\" data-ultimate-target=\".uvc-heading.ultimate-heading-61765f7cd0747df75 h2\" data-responsive-json-new=\"{&quot;font-size&quot;:&quot;desktop:24px;&quot;,&quot;line-height&quot;:&quot;desktop:30px;&quot;}\">\n<p>Le <strong>MediFlowTec<\/strong> est un d\u00e9bitm\u00e8tre standard, adaptable avec une fixation au rail et un flexible pour une utilisation pratique.<\/p>\n<p>Il est dot\u00e9 d&#8217;une protection plastique ergonomique, facile \u00e0 nettoyer.<\/p>\n<p>Sa conception innovante s&#8217;aligne avec d&#8217;autres produits de la gamme GCE, tels que le MediVital et le MediSelect II, offrant robustesse et coh\u00e9rence.<\/p>\n<p>Disponible en environ <strong>13 versions<\/strong> pour r\u00e9pondre aux diff\u00e9rentes normes nationales, le MediFlow\u00ae TEC propose des d\u00e9bits de <strong>2, 6, 15 et 25 l\/min<\/strong>.<\/p>\n<p>Sa conception compacte est id\u00e9ale pour une installation dans les ambulances, o\u00f9 l&#8217;espace est limit\u00e9.<\/p>\n<p>Con\u00e7u pour une dur\u00e9e de vie sans maintenance de <strong>10 ans<\/strong>, il pr\u00e9sente une \u00e9chelle de d\u00e9bit totalement visible et est compatible avec les environnements IRM.<\/p>\n<\/div>\n","protected":false},"excerpt":{"rendered":"<div class=\"uvc-sub-heading ult-responsive\" data-ultimate-target=\".uvc-heading.ultimate-heading-61765f7cd0747df75 .uvc-sub-heading \" data-responsive-json-new=\"{&quot;font-size&quot;:&quot;&quot;,&quot;line-height&quot;:&quot;&quot;}\">\n<p>Le <strong>MediFlowTec<\/strong> est un d\u00e9bitm\u00e8tre standard, adaptable avec une fixation au rail et un flexible pour une utilisation pratique.<\/p>\n<p>Il est dot\u00e9 d&#8217;une protection plastique ergonomique, facile \u00e0 nettoyer.<\/p>\n<p>Sa conception innovante s&#8217;aligne avec d&#8217;autres produits de la gamme GCE, tels que le MediVital et le MediSelect II, offrant robustesse et coh\u00e9rence.<\/p>\n<p>Disponible en environ <strong>13 versions<\/strong> pour r\u00e9pondre aux diff\u00e9rentes normes nationales, le MediFlow\u00ae TEC propose des d\u00e9bits de <strong>2, 6, 15 et 25 l\/min<\/strong>.<\/p>\n<p>Sa conception compacte est id\u00e9ale pour une installation dans les ambulances, o\u00f9 l&#8217;espace est limit\u00e9.<\/p>\n<p>Con\u00e7u pour une dur\u00e9e de vie sans maintenance de <strong>10 ans<\/strong>, il pr\u00e9sente une \u00e9chelle de d\u00e9bit totalement visible et est compatible avec les environnements IRM.<\/p>\n<\/div>\n","protected":false},"featured_media":5740,"template":"","meta":{"_seopress_robots_primary_cat":"none","_seopress_titles_title":"","_seopress_titles_desc":"","_seopress_robots_index":""},"product_brand":[],"product_cat":[42],"product_tag":[],"class_list":{"0":"post-7799","1":"product","2":"type-product","3":"status-publish","4":"has-post-thumbnail","6":"product_cat-fluides-medicaux","7":"description-off","9":"first","10":"instock","11":"taxable","12":"shipping-taxable","13":"product-type-simple"},"supplier_id":null,"supplier_sku":"","barcode":null,"atum_controlled":true,"out_stock_date":null,"out_stock_threshold":null,"inheritable":false,"inbound_stock":0,"stock_on_hold":0,"sold_today":0,"sales_last_days":0,"reserved_stock":0,"customer_returns":0,"warehouse_damage":0,"lost_in_post":0,"other_logs":0,"out_stock_days":0,"lost_sales":0,"has_location":false,"update_date":"2026-04-05T00:12:28","atum_locations":[],"atum_stock_status":"instock","restock_status":false,"low_stock_amount":"","sales_update_date":"2026-04-05T00:12:28","calc_backorders":null,"_links":{"self":[{"href":"https:\/\/kardia-medical.com\/de\/wp-json\/wp\/v2\/product\/7799","targetHints":{"allow":["GET"]}}],"collection":[{"href":"https:\/\/kardia-medical.com\/de\/wp-json\/wp\/v2\/product"}],"about":[{"href":"https:\/\/kardia-medical.com\/de\/wp-json\/wp\/v2\/types\/product"}],"wp:featuredmedia":[{"embeddable":true,"href":"https:\/\/kardia-medical.com\/de\/wp-json\/wp\/v2\/media\/5740"}],"wp:attachment":[{"href":"https:\/\/kardia-medical.com\/de\/wp-json\/wp\/v2\/media?parent=7799"}],"wp:term":[{"taxonomy":"product_brand","embeddable":true,"href":"https:\/\/kardia-medical.com\/de\/wp-json\/wp\/v2\/product_brand?post=7799"},{"taxonomy":"product_cat","embeddable":true,"href":"https:\/\/kardia-medical.com\/de\/wp-json\/wp\/v2\/product_cat?post=7799"},{"taxonomy":"product_tag","embeddable":true,"href":"https:\/\/kardia-medical.com\/de\/wp-json\/wp\/v2\/product_tag?post=7799"}],"curies":[{"name":"wp","href":"https:\/\/api.w.org\/{rel}","templated":true}]}}